{"id":300,"date":"2025-05-06T10:52:14","date_gmt":"2025-05-06T10:52:14","guid":{"rendered":"https:\/\/pihapolku.iwn.co\/tietosuojaseloste\/"},"modified":"2025-05-13T07:50:48","modified_gmt":"2025-05-13T07:50:48","slug":"integritetspolicy","status":"publish","type":"page","link":"https:\/\/ispihapolku.fi\/sv\/integritetspolicy\/","title":{"rendered":"Integritetspolicy"},"content":{"rendered":"\n<h2 class=\"wp-block-heading\">Dataskyddsdeklaration<\/h2>\n\n\n\n<p><strong>Registrator<\/strong><\/p>\n\n\n\n<p>Tili ja Is\u00e4nn\u00f6inti Pihapolku Oy (2509360-2)<br>Senare i denna rapport <em>F\u00f6retag<\/em><\/p>\n\n\n\n<p><strong>Person ansvarig f\u00f6r dataskyddsfr\u00e5gor och\/eller kontaktperson<\/strong><\/p>\n\n\n\n<p>Jari Alatalo<br>0445155908<br>jari@ispihapolku.com<\/p>\n\n\n\n<p><strong>Namnet p\u00e5 registret<\/strong><\/p>\n\n\n\n<p>Tili ja Is\u00e4nn\u00f6inti Pihapolku Oy kund- och marknadsf\u00f6ringsregister<\/p>\n\n\n\n<p><strong>Personuppgifter som samlas in<\/strong><\/p>\n\n\n\n<p>Vi samlar in personuppgifter som \u00e4r n\u00f6dv\u00e4ndiga f\u00f6r att hantera kundrelationen, s\u00e5som kundens namn och kontaktuppgifter samt serviceanv\u00e4ndardata. Vi samlar in personuppgifter fr\u00e5n registranten sj\u00e4lv samt fr\u00e5n andra offentligt tillg\u00e4ngliga register som uppr\u00e4tth\u00e5lls av myndigheten och fr\u00e5n andra externa k\u00e4llor, som handelsregistret eller andra liknande offentliga f\u00f6retagsregister. Dessutom samlar vi in uppgifter om dem som fyller i kontaktformul\u00e4r och anv\u00e4nder dem f\u00f6r de ovan n\u00e4mnda syftena relaterade till att uppr\u00e4tth\u00e5lla kundrelationen.<\/p>\n\n\n\n<p><strong>\u00c4ndam\u00e5l med anv\u00e4ndning av det personliga registret och grund f\u00f6r behandling<\/strong><\/p>\n\n\n\n<p>Personuppgifter behandlas inom de gr\u00e4nser som den g\u00e4llande lagstiftningen till\u00e5ter f\u00f6r att testa onlinetj\u00e4nsten, hantera kundrelationen och f\u00f6rse med information och r\u00e5d om tj\u00e4nsterna. Vi kan anv\u00e4nda uppgifter om den registrerade f\u00f6r att samla in anv\u00e4ndarstatistik och analysera dem. Insamlad information anv\u00e4nds ocks\u00e5 f\u00f6r marknadskommunikation. Behandling av personuppgifter f\u00f6r marknadskommunikation baseras p\u00e5 samtycke som ges av personen som anv\u00e4nder kontaktformul\u00e4ret. Direktmarknadsf\u00f6ring stoppas p\u00e5 kundens beg\u00e4ran. Personen kan n\u00e4r som helst \u00e5terkalla sitt samtycke genom att meddela kontaktpersonen som n\u00e4mns ovan. Behandling av personuppgifter kan vara n\u00f6dv\u00e4ndig f\u00f6r att genomf\u00f6ra de legitima intressena av kundrelationen mellan F\u00f6retaget och den registrerade. F\u00f6retaget har ett legitimt intresse av att behandla personuppgifter i marknadsf\u00f6ring, tj\u00e4nst- och kundanalyser samt tj\u00e4nsttestning. Marknadsf\u00f6rings\u00e4ndam\u00e5l kan ocks\u00e5 innefatta profilering. Den registrerade personen har d\u00e5 r\u00e4tt att inv\u00e4nda mot behandling av personuppgifter.<strong>Personuppgiftsbehandlare<\/strong><\/p>\n\n\n\n<p>Endast personer ansvariga f\u00f6r kundrelationshantering och marknadsf\u00f6ring har tillg\u00e5ng till personuppgifterna.<strong>Utl\u00e4mnande av information<\/strong><\/p>\n\n\n\n<p>Personuppgifter kommer inte att l\u00e4mnas ut till tredje part, och de kommer inte att \u00f6verf\u00f6ras utanf\u00f6r Europeiska unionen eller Europeiska ekonomiska samarbetsomr\u00e5det, s\u00e5vida det inte \u00e4r n\u00f6dv\u00e4ndigt f\u00f6r den tekniska implementeringen av tj\u00e4nsten. Vid eventuella situationer av datatransfer och \u00f6verf\u00f6ring kommer dataskyddsniv\u00e5n som kr\u00e4vs av dataskyddslagstiftningen och andra n\u00f6dv\u00e4ndiga s\u00e4kerhets\u00e5tg\u00e4rder att iakttas.<strong>Cookies<\/strong><\/p>\n\n\n\n<p>Vi anv\u00e4nder cookies och andra liknande teknologier p\u00e5 v\u00e5r webbplats. En cookie \u00e4r en liten textfil som webbl\u00e4saren sparar p\u00e5 anv\u00e4ndarens terminal. Cookies inneh\u00e5ller en anonym, unik identifierare som g\u00f6r det m\u00f6jligt f\u00f6r oss att identifiera och r\u00e4kna de olika webbl\u00e4sare som bes\u00f6ker v\u00e5r webbplats. Syftet med att anv\u00e4nda cookies och andra liknande teknologier \u00e4r att analysera och vidareutveckla v\u00e5ra tj\u00e4nster f\u00f6r att b\u00e4ttre betj\u00e4na anv\u00e4ndarna samt f\u00f6r att rikta reklam. Anv\u00e4ndaren kan f\u00f6rhindra anv\u00e4ndningen av cookies eller radera cookies fr\u00e5n webbl\u00e4sarinst\u00e4llningarna.<strong>Registerets skydd<\/strong><\/p>\n\n\n\n<p>Vi skyddar personuppgifterna med l\u00e4mpliga tekniska och organisatoriska metoder. Uppgifterna samlas in i databaser som \u00e4r skyddade med brandv\u00e4ggar, l\u00f6senord och andra tekniska dataskydds\u00e5tg\u00e4rder. Databaserna och deras s\u00e4kerhetskopior finns i l\u00e5sta och bevakade utrymmen och endast vissa, f\u00f6rutbest\u00e4mda personer har tillg\u00e5ng till uppgifterna.<strong>Beh\u00e5llningsperiod och bortskaffande av personuppgifter<\/strong><\/p>\n\n\n\n<p>Personuppgifter lagras s\u00e5 l\u00e4nge det kr\u00e4vs f\u00f6r det \u00e4ndam\u00e5l f\u00f6r vilket de samlades in och behandlades, eller f\u00f6r fullg\u00f6rande av kontraktet, eller s\u00e5 l\u00e4nge som lagen och f\u00f6rordningarna s\u00e5 kr\u00e4ver. Efter detta kommer personuppgifterna att f\u00f6rst\u00f6ras p\u00e5 l\u00e4mpligt s\u00e4tt.<strong>Den registrerades r\u00e4ttigheter<\/strong><\/p>\n\n\n\n<p>Den registrerade personen har f\u00f6ljande r\u00e4ttigheter:<\/p>\n\n\n\n<ol class=\"wp-block-list\">\n<li>P\u00e5 beg\u00e4ran har den registrerade r\u00e4tt att f\u00e5 tillg\u00e5ng till sina personuppgifter inom de gr\u00e4nser som handelssekretess och interna bed\u00f6mningar till\u00e5ter. Beg\u00e4ran om granskning m\u00e5ste skickas skriftligen och undertecknas till den ovan n\u00e4mnda kontaktpersonen, och personen m\u00e5ste identifiera sig p\u00e5 ett tillf\u00f6rlitligt s\u00e4tt.<\/li>\n\n\n\n<li>Den registrerade personen kan beg\u00e4ra r\u00e4ttelse av uppgifterna om de \u00e4r ofullst\u00e4ndiga eller felaktiga.<\/li>\n\n\n\n<li>Den registrerade kan beg\u00e4ra radering av uppgifterna n\u00e4r det inte finns n\u00e5gon anledning till deras behandling som anges i dataskyddslagstiftningen och oberoende av den registrerades samtycke.<\/li>\n\n\n\n<li>Den registrerade har r\u00e4tt att begr\u00e4nsa behandlingen av personuppgifter, om riktigheten eller lagligheten av uppgifterna s\u00e5 kr\u00e4ver, eller i enlighet med r\u00e4tten att inv\u00e4nda, beg\u00e4r den registrerade att behandlingen av personuppgifter begr\u00e4nsas enbart till datalagring.<\/li>\n\n\n\n<li>Den registrerade har r\u00e4tt att inv\u00e4nda mot behandlingen av uppgifter f\u00f6r direktmarknadsf\u00f6rings\u00e4ndam\u00e5l baserat p\u00e5 F\u00f6retagets legitima intresse.<\/li>\n\n\n\n<li>Den registrerade kan beg\u00e4ra att uppgifterna \u00f6verf\u00f6rs till en annan kontrollant, om det \u00e4r s\u00e4kert och tekniskt m\u00f6jligt.<\/li>\n\n\n\n<li>Den registrerade m\u00e5ste skicka f\u00f6rfr\u00e5gningar ang\u00e5ende sina r\u00e4ttigheter skriftligen eller via e-post med f\u00f6ljande kontaktinformation:<\/li>\n<\/ol>\n\n\n\n<p>Tili ja Is\u00e4nn\u00f6inti Pihapolku Oy<br>Inspektion\/annan f\u00f6rfr\u00e5gan om personuppgifter<br>jari@ispihapolku.com<\/p>\n\n\n\n<p>F\u00f6retaget kommer att svara p\u00e5 f\u00f6rfr\u00e5gningar inom 1 m\u00e5nad fr\u00e5n att f\u00f6rfr\u00e5gan gjorts, om det inte finns s\u00e4rskilda sk\u00e4l att f\u00f6rl\u00e4nga svarstiden.<\/p>\n","protected":false},"excerpt":{"rendered":"<p>Dataskyddsdeklaration Registrator Tili ja Is\u00e4nn\u00f6inti Pihapolku Oy (2509360-2)Senare i denna rapport F\u00f6retag Person ansvarig f\u00f6r dataskyddsfr\u00e5gor och\/eller kontaktperson Jari Alatalo0445155908jari@ispihapolku.com Namnet p\u00e5 registret Tili ja Is\u00e4nn\u00f6inti Pihapolku Oy kund- och marknadsf\u00f6ringsregister Personuppgifter som samlas in Vi samlar in personuppgifter som \u00e4r n\u00f6dv\u00e4ndiga f\u00f6r att hantera kundrelationen, s\u00e5som kundens namn och kontaktuppgifter samt serviceanv\u00e4ndardata. Vi samlar &#8230; <a title=\"Integritetspolicy\" class=\"read-more\" href=\"https:\/\/ispihapolku.fi\/sv\/integritetspolicy\/\" aria-label=\"L\u00e4s mer om Integritetspolicy\">L\u00e4s mer<\/a><\/p>\n","protected":false},"author":1,"featured_media":0,"parent":0,"menu_order":0,"comment_status":"closed","ping_status":"closed","template":"","meta":{"_acf_changed":false,"footnotes":""},"class_list":["post-300","page","type-page","status-publish"],"acf":[],"_links":{"self":[{"href":"https:\/\/ispihapolku.fi\/sv\/wp-json\/wp\/v2\/pages\/300","targetHints":{"allow":["GET"]}}],"collection":[{"href":"https:\/\/ispihapolku.fi\/sv\/wp-json\/wp\/v2\/pages"}],"about":[{"href":"https:\/\/ispihapolku.fi\/sv\/wp-json\/wp\/v2\/types\/page"}],"author":[{"embeddable":true,"href":"https:\/\/ispihapolku.fi\/sv\/wp-json\/wp\/v2\/users\/1"}],"replies":[{"embeddable":true,"href":"https:\/\/ispihapolku.fi\/sv\/wp-json\/wp\/v2\/comments?post=300"}],"version-history":[{"count":1,"href":"https:\/\/ispihapolku.fi\/sv\/wp-json\/wp\/v2\/pages\/300\/revisions"}],"predecessor-version":[{"id":301,"href":"https:\/\/ispihapolku.fi\/sv\/wp-json\/wp\/v2\/pages\/300\/revisions\/301"}],"wp:attachment":[{"href":"https:\/\/ispihapolku.fi\/sv\/wp-json\/wp\/v2\/media?parent=300"}],"curies":[{"name":"wp","href":"https:\/\/api.w.org\/{rel}","templated":true}]}}