{"id":168,"date":"2025-05-06T10:57:57","date_gmt":"2025-05-06T10:57:57","guid":{"rendered":"https:\/\/pihapolku.iwn.co\/etusivu\/"},"modified":"2025-08-07T07:26:47","modified_gmt":"2025-08-07T07:26:47","slug":"etusivu","status":"publish","type":"page","link":"https:\/\/ispihapolku.fi\/sv\/","title":{"rendered":"Hemsida"},"content":{"rendered":"\n<section id=\"g-a5e8eaw\" class=\"wp-block-gutentor-m3 alignfull section-g-a5e8eaw gutentor-module gutentor-container-cover has-image-bg has-custom-bg first-section\"><div class=\"grid-container\">\n<h1 class=\"wp-block-heading has-text-align-center\">Fastighets\u00adf\u00f6rvaltning i Vasa och Korsholm<\/h1>\n<\/div><\/section>\n\n\n\n<section id=\"g-4557523\" class=\"wp-block-gutentor-m4 section-g-4557523 gutentor-module gutentor-advanced-columns second-section\"><div class=\"grid-container\"><div class=\"grid-row\">\n<div id=\"col-g-1g715y5\" class=\"wp-block-gutentor-m4-col col-g-1g715y5 gutentor-single-column  grid-lg-4 grid-md-12 grid-12 g-single-column-link-enabled\"><div id=\"section-g-1g715y5\" class=\"section-g-1g715y5 gutentor-col-wrap has-image-bg has-custom-bg\">\n<h2 class=\"wp-block-heading\">Fastighetsf\u00f6rvaltning<\/h2>\n<\/div><a class=\"gutentor-link\" href=\"https:\/\/ispihapolku.fi\/sv\/isannointi\/\"><\/a><\/div>\n\n\n\n<div id=\"col-g-2jkag3j\" class=\"wp-block-gutentor-m4-col col-g-2jkag3j gutentor-single-column  grid-lg-4 grid-md-12 grid-12 g-single-column-link-enabled\"><div id=\"section-g-2jkag3j\" class=\"section-g-2jkag3j gutentor-col-wrap has-image-bg has-custom-bg\">\n<h2 class=\"wp-block-heading\">Ekonomisk f\u00f6rvaltning<\/h2>\n<\/div><a class=\"gutentor-link\" href=\"https:\/\/ispihapolku.fi\/sv\/taloushallinto\/\"><\/a><\/div>\n\n\n\n<div id=\"col-g-1uwj442\" class=\"wp-block-gutentor-m4-col col-g-1uwj442 gutentor-single-column  grid-lg-4 grid-md-12 grid-12 g-single-column-link-enabled\"><div id=\"section-g-1uwj442\" class=\"section-g-1uwj442 gutentor-col-wrap has-image-bg has-custom-bg\">\n<h2 class=\"wp-block-heading\">Formul\u00e4r<\/h2>\n<\/div><a class=\"gutentor-link\" href=\"https:\/\/ispihapolku.fi\/sv\/lomakkeet\/\"><\/a><\/div>\n<\/div><\/div><\/section>\n\n\n\n<section id=\"g-l5w1zz8\" class=\"wp-block-gutentor-m4 section-g-l5w1zz8 gutentor-module gutentor-advanced-columns\"><div class=\"grid-container\"><div class=\"grid-row\">\n<div id=\"col-g-6u7ov6w\" class=\"wp-block-gutentor-m4-col col-g-6u7ov6w gutentor-single-column  grid-lg-8 grid-md-12 grid-12\"><div id=\"section-g-6u7ov6w\" class=\"section-g-6u7ov6w gutentor-col-wrap\">\n<h2 class=\"wp-block-heading\">Account and Property Management Pihapolku Oy, Vasa<\/h2>\n\n\n\n<p>Account and Property Management Pihapolku Oy erbjuder omfattande tj\u00e4nster f\u00f6r b\u00e5de sm\u00e5 och stora bostadsbolag i Vasa och Korsholm omr\u00e5dena.<\/p>\n\n\n\n<p>Kontoret grundades 2012 och v\u00e5rt stabila, v\u00e4xande f\u00f6retags anst\u00e4llda har genomf\u00f6rt IAT-examen, vilket \u00e4r en professionell kvalifikation inom fastighetsf\u00f6rvaltning.<\/p>\n\n\n\n<p>V\u00e5r utbildade revisor erbjuder ocks\u00e5 ekonomisk f\u00f6rvaltningstj\u00e4nster med stark expertis. Vi \u00e4r ett omfattande fastighetsf\u00f6rvaltningskontor &#8211; med oss sk\u00f6ts allt under ett och samma tak fr\u00e5n b\u00f6rjan till slut.<\/p>\n\n\n\n<p>Vi \u00e4r ett finskspr\u00e5kigt f\u00f6retag, men v\u00e5ra kunder inkluderar b\u00e5de finska och svenska talare.&nbsp;<\/p>\n\n\n\n<div id=\"section-g-12wysem\" class=\"wp-block-gutentor-e2 section-g-12wysem gutentor-element gutentor-element-button\"><span class=\"gutentor-button-wrap\"><a class=\"gutentor-button gutentor-block-button gutentor-icon-hide\" href=\"https:\/\/ispihapolku.fi\/sv\/kontakta-oss\/\"><i class=\"gutentor-button-icon fas fa-book\"><\/i><span>Kontakta Oss \u203a<\/span><\/a><\/span><\/div>\n<\/div><\/div>\n\n\n\n<div id=\"col-g-ypg1r32\" class=\"wp-block-gutentor-m4-col col-g-ypg1r32 gutentor-single-column  grid-lg-4 grid-md-12 grid-12\"><div id=\"section-g-ypg1r32\" class=\"section-g-ypg1r32 gutentor-col-wrap\"><\/div><\/div>\n<\/div><\/div><\/section>\n\n\n\n<section id=\"g-0ttrkmp\" class=\"wp-block-gutentor-m3 alignfull section-g-0ttrkmp gutentor-module gutentor-container-cover has-color-bg has-custom-bg third-section\"><div class=\"grid-container\">\n<section id=\"g-9ujhuoj\" class=\"wp-block-gutentor-m4 section-g-9ujhuoj gutentor-module gutentor-advanced-columns gutentor-equal-column-height\"><div class=\"grid-container\"><div class=\"grid-row\">\n<div id=\"col-g-ys15db1\" class=\"wp-block-gutentor-m4-col col-g-ys15db1 gutentor-single-column  grid-lg-6 grid-md-12 grid-12\"><div id=\"section-g-ys15db1\" class=\"section-g-ys15db1 gutentor-col-wrap has-image-bg has-custom-bg\">\n<p><\/p>\n<\/div><\/div>\n\n\n\n<div id=\"col-g-gi4g1ig\" class=\"wp-block-gutentor-m4-col col-g-gi4g1ig gutentor-single-column  grid-lg-6 grid-md-12 grid-12\"><div id=\"section-g-gi4g1ig\" class=\"section-g-gi4g1ig gutentor-col-wrap\">\n<h2 class=\"wp-block-heading\">Partners<\/h2>\n\n\n\n<p>Vi samarbetar med bostadsbolag, lokala fastighetssk\u00f6tselbolag, renoveringsf\u00f6retag och revisorer.<\/p>\n\n\n\n<p>Vi \u00e4r medlem i Finlands F\u00f6retagare och tillh\u00f6r fastighetsf\u00f6rvaltningsunionen.<\/p>\n<\/div><\/div>\n<\/div><\/div><\/section>\n<\/div><\/section>\n","protected":false},"excerpt":{"rendered":"","protected":false},"author":1,"featured_media":0,"parent":0,"menu_order":0,"comment_status":"closed","ping_status":"closed","template":"","meta":{"_acf_changed":false,"footnotes":""},"class_list":["post-168","page","type-page","status-publish"],"acf":[],"_links":{"self":[{"href":"https:\/\/ispihapolku.fi\/sv\/wp-json\/wp\/v2\/pages\/168","targetHints":{"allow":["GET"]}}],"collection":[{"href":"https:\/\/ispihapolku.fi\/sv\/wp-json\/wp\/v2\/pages"}],"about":[{"href":"https:\/\/ispihapolku.fi\/sv\/wp-json\/wp\/v2\/types\/page"}],"author":[{"embeddable":true,"href":"https:\/\/ispihapolku.fi\/sv\/wp-json\/wp\/v2\/users\/1"}],"replies":[{"embeddable":true,"href":"https:\/\/ispihapolku.fi\/sv\/wp-json\/wp\/v2\/comments?post=168"}],"version-history":[{"count":22,"href":"https:\/\/ispihapolku.fi\/sv\/wp-json\/wp\/v2\/pages\/168\/revisions"}],"predecessor-version":[{"id":330,"href":"https:\/\/ispihapolku.fi\/sv\/wp-json\/wp\/v2\/pages\/168\/revisions\/330"}],"wp:attachment":[{"href":"https:\/\/ispihapolku.fi\/sv\/wp-json\/wp\/v2\/media?parent=168"}],"curies":[{"name":"wp","href":"https:\/\/api.w.org\/{rel}","templated":true}]}}